{"id":3840,"date":"2024-03-27T12:36:35","date_gmt":"2024-03-27T12:36:35","guid":{"rendered":"https:\/\/www.sc24sfgheorghe.ro\/?page_id=3840"},"modified":"2024-09-03T10:13:47","modified_gmt":"2024-09-03T07:13:47","slug":"inscrierea-in-invatamantul-primar","status":"publish","type":"page","link":"https:\/\/www.sc24sfgheorghe.ro\/old\/inscrierea-in-invatamantul-primar\/","title":{"rendered":"\u00censcrierea \u00een \u00eenv\u0103\u021b\u0103m\u00e2ntul primar"},"content":{"rendered":"<p><a href=\"https:\/\/www.sc24sfgheorghe.ro\/wp-content\/uploads\/2024\/09\/SC24_clasa_pregatitoare_2024_2025.pdf\" target=\"_blank\" rel=\"noopener\">Lista candida\u021bilor <strong>\u00eenmatricula\u021bi<\/strong> \u00een clasa preg\u0103titoare, anul \u0219colar 2024-2025<\/a><\/p>\n<p>Documente necesare p\u0103rin\u021bilor copiilor care nu au fost \u00eenscri\u0219i la nicio unitate \u0219colar\u0103 din \u00eenv\u0103\u021b\u0103m\u00e2ntul primar, pentru anul \u0219colar 2024-2025:<\/p>\n<ul>\n<li class=\"with-tabs\">TelVerde &#8211;\u00a0<strong>0 800 816 251<\/strong>\u00a0&#8211; apel gratuit &#8211; Inspectoratul \u0218colar Jude\u021bean Dolj;<\/li>\n<li class=\"with-tabs\"><a href=\"https:\/\/isjdolj.ro\/sites\/default\/files\/Pregatitoare\/Monitorul%20Oficial%20Partea%20I%20nr.%20247-%20ordin%20pregatitoare.pdf\">Ordinul privind aprobarea metodologiei de \u00eenscriere \u00een \u00eenv\u0103\u021b\u0103m\u00e2ntul primar pentru anul \u0219colar 2024-2025 \u0219i a calendarului de \u00eenscriere<\/a>;<\/li>\n<li><a href=\"https:\/\/isjdolj.ro\/sites\/default\/files\/Pregatitoare\/PLAN-SCOLARIZARE-CLASA-PREG%C4%82TITOARE-2024-2025.pdf\">Plan de \u0219colarizare clasa preg\u0103titoare, an \u0219colar 2024-2025<\/a>;<\/li>\n<li><a href=\"https:\/\/isjdolj.ro\/sites\/default\/files\/Pregatitoare\/26.03.2024_Arondare-strazi-primar-Craiova_2024-2025.pdf\">Arondarea str\u0103zilor \u0219i locuin\u021belor din Municipiul Craiova la unit\u0103\u021bile de \u00eenv\u0103\u021b\u0103m\u00e2nt primar<\/a>;<\/li>\n<li><a href=\"https:\/\/isjdolj.ro\/sites\/default\/files\/Pregatitoare\/OME_3945_2024.pdf\">Ordin privind aprobarea Procedurii de distribu\u021bie aleatorie a antepre\u0219colarilor\/pre\u0219colarilor\/elevilor \u00een forma\u021biunile de studiu<\/a>;<\/li>\n<li><a href=\"https:\/\/isjdolj.ro\/sites\/default\/files\/Pregatitoare\/PO-ISJ-DJ-82_Editia%201_Revizia%202.pdf\">Procedur\u0103 opera\u021bional\u0103 privind \u00eenscrierea copiilor \u00een \u00eenv\u0103\u021b\u0103m\u00e2ntul primar \u00een unit\u0103\u021bile de \u00eenv\u0103\u021b\u0103m\u00e2nt din jude\u021bul Dolj, pentru anul \u0219colar 2023-2024<\/a>;<\/li>\n<li><a href=\"https:\/\/isjdolj.ro\/sites\/default\/files\/Pregatitoare\/Anexa%201.pdf\">Cerere recomandare din partea gr\u0103dini\u021bei<\/a>;<\/li>\n<li><a href=\"https:\/\/isjdolj.ro\/sites\/default\/files\/Pregatitoare\/Anexa%202.pdf\">Cerere de evaluare C.J.R.A.E.<\/a>;<\/li>\n<li><a href=\"https:\/\/isjdolj.ro\/sites\/default\/files\/Pregatitoare\/Centre%20evaluare.pdf\">Programare evaluare C.J.R.A.E.<\/a>;<\/li>\n<li><a href=\"https:\/\/isjdolj.ro\/sites\/default\/files\/Pregatitoare\/Anexa%203.pdf\">Declara\u021bie pe propria r\u0103spundere \u00eenscriere<\/a>;<\/li>\n<li><a href=\"https:\/\/isjdolj.ro\/sites\/default\/files\/Pregatitoare\/Anexa%204.pdf\">Declara\u021bie acord p\u0103rinte<\/a>;<\/li>\n<\/ul>\n","protected":false},"excerpt":{"rendered":"<p>Lista candida\u021bilor \u00eenmatricula\u021bi \u00een clasa preg\u0103titoare, anul \u0219colar 2024-2025 Documente necesare p\u0103rin\u021bilor copiilor care nu au fost \u00eenscri\u0219i la nicio unitate \u0219colar\u0103 din \u00eenv\u0103\u021b\u0103m\u00e2ntul primar, pentru anul \u0219colar 2024-2025: TelVerde <a href=\"https:\/\/www.sc24sfgheorghe.ro\/old\/inscrierea-in-invatamantul-primar\/\" class=\"more-link\">[&hellip;]<\/a><\/p>\n","protected":false},"author":21,"featured_media":0,"parent":0,"menu_order":0,"comment_status":"closed","ping_status":"closed","template":"","meta":{"Layout":"","footnotes":""},"class_list":["entry","author-robu-marian","post-3840","page","type-page","status-publish"],"_links":{"self":[{"href":"https:\/\/www.sc24sfgheorghe.ro\/old\/wp-json\/wp\/v2\/pages\/3840","targetHints":{"allow":["GET"]}}],"collection":[{"href":"https:\/\/www.sc24sfgheorghe.ro\/old\/wp-json\/wp\/v2\/pages"}],"about":[{"href":"https:\/\/www.sc24sfgheorghe.ro\/old\/wp-json\/wp\/v2\/types\/page"}],"author":[{"embeddable":true,"href":"https:\/\/www.sc24sfgheorghe.ro\/old\/wp-json\/wp\/v2\/users\/21"}],"replies":[{"embeddable":true,"href":"https:\/\/www.sc24sfgheorghe.ro\/old\/wp-json\/wp\/v2\/comments?post=3840"}],"version-history":[{"count":6,"href":"https:\/\/www.sc24sfgheorghe.ro\/old\/wp-json\/wp\/v2\/pages\/3840\/revisions"}],"predecessor-version":[{"id":3857,"href":"https:\/\/www.sc24sfgheorghe.ro\/old\/wp-json\/wp\/v2\/pages\/3840\/revisions\/3857"}],"wp:attachment":[{"href":"https:\/\/www.sc24sfgheorghe.ro\/old\/wp-json\/wp\/v2\/media?parent=3840"}],"curies":[{"name":"wp","href":"https:\/\/api.w.org\/{rel}","templated":true}]}}