{"id":2780,"date":"2022-11-16T07:49:18","date_gmt":"2022-11-16T07:49:18","guid":{"rendered":"http:\/\/www.sc24sfgheorghe.ro\/?page_id=2780"},"modified":"2022-11-16T07:55:15","modified_gmt":"2022-11-16T07:55:15","slug":"meeting-deschidere-proiect","status":"publish","type":"page","link":"https:\/\/www.sc24sfgheorghe.ro\/old\/proiecte\/meeting-deschidere-proiect\/","title":{"rendered":"Meeting &#8211; deschidere proiect"},"content":{"rendered":"<p>Un vis devenit realitate!<\/p>\n<p>Un prim-proiect implementat cu sprijinul echipei de profesioni\u0219ti de la Agen\u021bia de Consultan\u021b\u0103 \u0219i Consiliere Economico-Social\u0103 Oltenia, f\u0103r\u0103 de care aceast\u0103 \u00eemplinire nu ar fi existat!<br \/>\nMul\u021bumiri, apreciere \u0219i recuno\u0219tin\u021b\u0103, ACCES Oltenia !<\/p>\n<p>Pentru a oferi o educa\u021bie de succes, consideram c\u0103 ar trebui s\u0103 avem o abordare holistic\u0103 a elevilor, concentr\u00e2ndu-ne mai \u00eent\u00e2i pe nevoile acestora din punct de vedere educa\u021bional, fizic, intelectual, spiritual \u0219i al rela\u021biilor cu ceilal\u021bi.<br \/>\nAcest proiect va asigura participarea elevilor no\u0219tri la un program integrat de educa\u021bie nonformal\u0103 \u00een sistem outdoor, \u00een care \u00eenv\u0103\u021barea se va realiza prin joac\u0103, \u00eentr-o atmosfer\u0103 prietenoas\u0103 \u0219i plin\u0103 de energie.<br \/>\nNe dorim ca acest tip de educa\u021bie nonformal\u0103 s\u0103 fie aplicat\u0103 cu succes at\u00e2t la nivelul unit\u0103\u021bii noastre de \u00eenv\u0103\u021b\u0103m\u00e2nt, c\u00e2t \u0219i la unit\u0103\u021bile partenere, \u0218coala Gimnazial\u0103 ,,I. \u021auculescu&#8221; Craiova \u0219i \u0218coala Gimnazial\u0103 Goie\u0219ti, \u0219i s\u0103 devin\u0103, \u00een timp, parte din rutina necesar\u0103 form\u0103rii personalit\u0103\u021bii copiilor no\u0219tri.<br \/>\n<a href=\"http:\/\/www.sc24sfgheorghe.ro\/wp-content\/uploads\/2022\/11\/meeting-proiect-craiova.jpg\"><img loading=\"lazy\" decoding=\"async\" class=\"alignnone size-medium wp-image-2786\" src=\"http:\/\/www.sc24sfgheorghe.ro\/wp-content\/uploads\/2022\/11\/meeting-proiect-craiova-300x226.jpg\" alt=\"\" width=\"300\" height=\"226\" srcset=\"https:\/\/www.sc24sfgheorghe.ro\/old\/wp-content\/uploads\/2022\/11\/meeting-proiect-craiova-300x226.jpg 300w, https:\/\/www.sc24sfgheorghe.ro\/old\/wp-content\/uploads\/2022\/11\/meeting-proiect-craiova-768x578.jpg 768w, https:\/\/www.sc24sfgheorghe.ro\/old\/wp-content\/uploads\/2022\/11\/meeting-proiect-craiova-175x131.jpg 175w, https:\/\/www.sc24sfgheorghe.ro\/old\/wp-content\/uploads\/2022\/11\/meeting-proiect-craiova-664x500.jpg 664w, https:\/\/www.sc24sfgheorghe.ro\/old\/wp-content\/uploads\/2022\/11\/meeting-proiect-craiova.jpg 960w\" sizes=\"auto, (max-width: 300px) 100vw, 300px\" \/><\/a> \u00a0\u00a0 <a href=\"http:\/\/www.sc24sfgheorghe.ro\/wp-content\/uploads\/2022\/11\/meeting-proiect-craiova2.jpg\"><img loading=\"lazy\" decoding=\"async\" class=\"alignnone size-medium wp-image-2783\" src=\"http:\/\/www.sc24sfgheorghe.ro\/wp-content\/uploads\/2022\/11\/meeting-proiect-craiova2-300x225.jpg\" alt=\"\" width=\"300\" height=\"225\" srcset=\"https:\/\/www.sc24sfgheorghe.ro\/old\/wp-content\/uploads\/2022\/11\/meeting-proiect-craiova2-300x225.jpg 300w, https:\/\/www.sc24sfgheorghe.ro\/old\/wp-content\/uploads\/2022\/11\/meeting-proiect-craiova2-768x576.jpg 768w, https:\/\/www.sc24sfgheorghe.ro\/old\/wp-content\/uploads\/2022\/11\/meeting-proiect-craiova2-175x131.jpg 175w, https:\/\/www.sc24sfgheorghe.ro\/old\/wp-content\/uploads\/2022\/11\/meeting-proiect-craiova2-667x500.jpg 667w, https:\/\/www.sc24sfgheorghe.ro\/old\/wp-content\/uploads\/2022\/11\/meeting-proiect-craiova2.jpg 960w\" sizes=\"auto, (max-width: 300px) 100vw, 300px\" \/><\/a><\/p>\n","protected":false},"excerpt":{"rendered":"<p>Un vis devenit realitate! Un prim-proiect implementat cu sprijinul echipei de profesioni\u0219ti de la Agen\u021bia de Consultan\u021b\u0103 \u0219i Consiliere Economico-Social\u0103 Oltenia, f\u0103r\u0103 de care aceast\u0103 \u00eemplinire nu ar fi existat! <a href=\"https:\/\/www.sc24sfgheorghe.ro\/old\/proiecte\/meeting-deschidere-proiect\/\" class=\"more-link\">[&hellip;]<\/a><\/p>\n","protected":false},"author":21,"featured_media":0,"parent":2753,"menu_order":0,"comment_status":"closed","ping_status":"closed","template":"","meta":{"Layout":"","footnotes":""},"class_list":["entry","author-robu-marian","post-2780","page","type-page","status-publish"],"_links":{"self":[{"href":"https:\/\/www.sc24sfgheorghe.ro\/old\/wp-json\/wp\/v2\/pages\/2780","targetHints":{"allow":["GET"]}}],"collection":[{"href":"https:\/\/www.sc24sfgheorghe.ro\/old\/wp-json\/wp\/v2\/pages"}],"about":[{"href":"https:\/\/www.sc24sfgheorghe.ro\/old\/wp-json\/wp\/v2\/types\/page"}],"author":[{"embeddable":true,"href":"https:\/\/www.sc24sfgheorghe.ro\/old\/wp-json\/wp\/v2\/users\/21"}],"replies":[{"embeddable":true,"href":"https:\/\/www.sc24sfgheorghe.ro\/old\/wp-json\/wp\/v2\/comments?post=2780"}],"version-history":[{"count":4,"href":"https:\/\/www.sc24sfgheorghe.ro\/old\/wp-json\/wp\/v2\/pages\/2780\/revisions"}],"predecessor-version":[{"id":2801,"href":"https:\/\/www.sc24sfgheorghe.ro\/old\/wp-json\/wp\/v2\/pages\/2780\/revisions\/2801"}],"up":[{"embeddable":true,"href":"https:\/\/www.sc24sfgheorghe.ro\/old\/wp-json\/wp\/v2\/pages\/2753"}],"wp:attachment":[{"href":"https:\/\/www.sc24sfgheorghe.ro\/old\/wp-json\/wp\/v2\/media?parent=2780"}],"curies":[{"name":"wp","href":"https:\/\/api.w.org\/{rel}","templated":true}]}}